{"id":19,"date":"2018-06-12T17:57:56","date_gmt":"2018-06-12T17:57:56","guid":{"rendered":"http:\/\/legendcr7.com\/newmapanast\/?page_id=19"},"modified":"2023-07-18T10:09:56","modified_gmt":"2023-07-18T10:09:56","slug":"yhteystiedot","status":"publish","type":"page","link":"https:\/\/suomenkorjaamolaite.fi\/index.php\/yhteystiedot\/","title":{"rendered":"YHTEYSTIEDOT"},"content":{"rendered":"\n<p><strong>Puhelin:<\/strong><\/p>\n\n\n\n<p><strong>Teemu Aalto<\/strong>&nbsp;040 744 5211<br><\/p>\n\n\n\n<p><strong>S\u00e4hk\u00f6posti:<\/strong><\/p>\n\n\n\n<p><em>Huoltotilaukset<\/em>:&nbsp;<a href=\"mailto:huolto@suomenkorjaamolaite.fi\">huolto@suomenkorjaamolaite.fi<\/a><br><em>Teemu Aalto:<\/em>&nbsp;<a href=\"mailto:teemu.aalto@suomenkorjaamolaite.fi\">teemu.aalto@suomenkorjaamolaite.fi<\/a><br><em>Muut s\u00e4hk\u00f6postiosoitteemme ovat muotoa etunimi.sukunimi@suomenkorjaamolaite.fi<\/em><\/p>\n\n\n\n<p><strong>Postiosoite:<\/strong><\/p>\n\n\n\n<p><em>Suomen korjaamolaite<\/em><br><em>Marttilantie 69<\/em><br><em>21490 Marttila<\/em><\/p>\n\n\n\n<p><strong>Toimipisteiden osoitteet:<\/strong><\/p>\n\n\n\n<p>Marttilan toimipiste<\/p>\n\n\n\n<p><em>Marttilantie 69<\/em><br><em>21490 Marttila<\/em><\/p>\n\n\n\n<p>Turun toimipiste<\/p>\n\n\n\n<p><em>Ruunikkokatu 4<\/em><br><em>20380 Turku<\/em><\/p>\n","protected":false},"excerpt":{"rendered":"<p>Puhelin: Teemu Aalto&nbsp;040 744 5211 S\u00e4hk\u00f6posti: Huoltotilaukset:&nbsp;huolto@suomenkorjaamolaite.fiTeemu Aalto:&nbsp;teemu.aalto@suomenkorjaamolaite.fiMuut s\u00e4hk\u00f6postiosoitteemme ovat muotoa etunimi.sukunimi@suomenkorjaamolaite.fi Postiosoite: Suomen korjaamolaiteMarttilantie 6921490 Marttila Toimipisteiden osoitteet: Marttilan toimipiste Marttilantie 6921490 Marttila Turun toimipiste Ruunikkokatu 420380 Turku<\/p>\n","protected":false},"author":3,"featured_media":0,"parent":0,"menu_order":0,"comment_status":"closed","ping_status":"closed","template":"","meta":{"footnotes":""},"yoast_head":"<!-- This site is optimized with the Yoast SEO plugin v14.9 - https:\/\/yoast.com\/wordpress\/plugins\/seo\/ -->\n<title>YHTEYSTIEDOT - Suomen Korjaamolaite<\/title>\n<meta name=\"description\" content=\"Suomen Korjaamolaite tarjoaa laadukasta ja ammattitaitoista korjaamolaitehuoltoa, asennusta ja korjausta.\" \/>\n<meta name=\"robots\" content=\"index, follow, max-snippet:-1, max-image-preview:large, max-video-preview:-1\" \/>\n<link rel=\"canonical\" href=\"http:\/\/suomenkorjaamolaite.fi\/index.php\/yhteystiedot\/\" \/>\n<meta property=\"og:locale\" content=\"fi_FI\" \/>\n<meta property=\"og:type\" content=\"article\" \/>\n<meta property=\"og:title\" content=\"YHTEYSTIEDOT - Suomen Korjaamolaite\" \/>\n<meta property=\"og:description\" content=\"Suomen Korjaamolaite tarjoaa laadukasta ja ammattitaitoista korjaamolaitehuoltoa, asennusta ja korjausta.\" \/>\n<meta property=\"og:url\" content=\"http:\/\/suomenkorjaamolaite.fi\/index.php\/yhteystiedot\/\" \/>\n<meta property=\"og:site_name\" content=\"Suomen Korjaamolaite\" \/>\n<meta property=\"article:modified_time\" content=\"2023-07-18T10:09:56+00:00\" \/>\n<meta name=\"twitter:card\" content=\"summary_large_image\" \/>\n<script type=\"application\/ld+json\" class=\"yoast-schema-graph\">{\"@context\":\"https:\/\/schema.org\",\"@graph\":[{\"@type\":\"Organization\",\"@id\":\"https:\/\/suomenkorjaamolaite.fi\/#organization\",\"name\":\"Suomen Korjaamolaite\",\"url\":\"https:\/\/suomenkorjaamolaite.fi\/\",\"sameAs\":[],\"logo\":{\"@type\":\"ImageObject\",\"@id\":\"https:\/\/suomenkorjaamolaite.fi\/#logo\",\"inLanguage\":\"fi\",\"url\":\"https:\/\/suomenkorjaamolaite.fi\/wp-content\/uploads\/2018\/06\/SuomenKorjaamolaitewww__0020_Suomen-korjaamolaite-RGB.png\",\"width\":475,\"height\":123,\"caption\":\"Suomen Korjaamolaite\"},\"image\":{\"@id\":\"https:\/\/suomenkorjaamolaite.fi\/#logo\"}},{\"@type\":\"WebSite\",\"@id\":\"https:\/\/suomenkorjaamolaite.fi\/#website\",\"url\":\"https:\/\/suomenkorjaamolaite.fi\/\",\"name\":\"Suomen Korjaamolaite\",\"description\":\"\",\"publisher\":{\"@id\":\"https:\/\/suomenkorjaamolaite.fi\/#organization\"},\"potentialAction\":[{\"@type\":\"SearchAction\",\"target\":\"https:\/\/suomenkorjaamolaite.fi\/?s={search_term_string}\",\"query-input\":\"required name=search_term_string\"}],\"inLanguage\":\"fi\"},{\"@type\":\"WebPage\",\"@id\":\"http:\/\/suomenkorjaamolaite.fi\/index.php\/yhteystiedot\/#webpage\",\"url\":\"http:\/\/suomenkorjaamolaite.fi\/index.php\/yhteystiedot\/\",\"name\":\"YHTEYSTIEDOT - Suomen Korjaamolaite\",\"isPartOf\":{\"@id\":\"https:\/\/suomenkorjaamolaite.fi\/#website\"},\"datePublished\":\"2018-06-12T17:57:56+00:00\",\"dateModified\":\"2023-07-18T10:09:56+00:00\",\"description\":\"Suomen Korjaamolaite tarjoaa laadukasta ja ammattitaitoista korjaamolaitehuoltoa, asennusta ja korjausta.\",\"inLanguage\":\"fi\",\"potentialAction\":[{\"@type\":\"ReadAction\",\"target\":[\"http:\/\/suomenkorjaamolaite.fi\/index.php\/yhteystiedot\/\"]}]}]}<\/script>\n<!-- \/ Yoast SEO plugin. -->","_links":{"self":[{"href":"https:\/\/suomenkorjaamolaite.fi\/index.php\/wp-json\/wp\/v2\/pages\/19"}],"collection":[{"href":"https:\/\/suomenkorjaamolaite.fi\/index.php\/wp-json\/wp\/v2\/pages"}],"about":[{"href":"https:\/\/suomenkorjaamolaite.fi\/index.php\/wp-json\/wp\/v2\/types\/page"}],"author":[{"embeddable":true,"href":"https:\/\/suomenkorjaamolaite.fi\/index.php\/wp-json\/wp\/v2\/users\/3"}],"replies":[{"embeddable":true,"href":"https:\/\/suomenkorjaamolaite.fi\/index.php\/wp-json\/wp\/v2\/comments?post=19"}],"version-history":[{"count":15,"href":"https:\/\/suomenkorjaamolaite.fi\/index.php\/wp-json\/wp\/v2\/pages\/19\/revisions"}],"predecessor-version":[{"id":176,"href":"https:\/\/suomenkorjaamolaite.fi\/index.php\/wp-json\/wp\/v2\/pages\/19\/revisions\/176"}],"wp:attachment":[{"href":"https:\/\/suomenkorjaamolaite.fi\/index.php\/wp-json\/wp\/v2\/media?parent=19"}],"curies":[{"name":"wp","href":"https:\/\/api.w.org\/{rel}","templated":true}]}}