{"id":17,"date":"2018-06-12T17:57:26","date_gmt":"2018-06-12T17:57:26","guid":{"rendered":"http:\/\/legendcr7.com\/newmapanast\/?page_id=17"},"modified":"2021-09-08T08:30:51","modified_gmt":"2021-09-08T08:30:51","slug":"palvelut","status":"publish","type":"page","link":"https:\/\/suomenkorjaamolaite.fi\/index.php\/palvelut\/","title":{"rendered":"PALVELUT"},"content":{"rendered":"<p>Suomen Korjaamolaite tarjoaa laadukasta ja ammattitaitoista<br \/>\nkorjaamolaitehuoltoa, asennusta ja korjausta.<br \/>\nP\u00e4\u00e4toimialueena on Etel\u00e4-Suomi. Asiakkaisiimme<br \/>\nkuuluvat mm. katsastuskonttorit ja autokorjaamot.<br \/>\nPalveluihin kuuluvat:<br \/>\n-autonostimet<br \/>\n-pakokaasuanalysaattorit<br \/>\n-ilmastointihuoltolaitteet<br \/>\n-jarrudynamometrit<br \/>\n-py\u00f6r\u00e4nsuuntauslaitteet<br \/>\n-tasapainotuskoneet<br \/>\n-kompressorit<br \/>\n-KAIKKI KORJAAMOSSA OLEVAT LAITTEET!<br \/>\nLis\u00e4tietoja antaa Teemu Aalto 040-7445211<\/p>\n","protected":false},"excerpt":{"rendered":"<p>Suomen Korjaamolaite tarjoaa laadukasta ja ammattitaitoista korjaamolaitehuoltoa, asennusta ja korjausta. P\u00e4\u00e4toimialueena on Etel\u00e4-Suomi. Asiakkaisiimme kuuluvat mm. katsastuskonttorit ja autokorjaamot. Palveluihin kuuluvat: -autonostimet -pakokaasuanalysaattorit -ilmastointihuoltolaitteet -jarrudynamometrit -py\u00f6r\u00e4nsuuntauslaitteet -tasapainotuskoneet -kompressorit -KAIKKI KORJAAMOSSA OLEVAT LAITTEET! Lis\u00e4tietoja antaa Teemu Aalto 040-7445211<\/p>\n","protected":false},"author":1,"featured_media":0,"parent":0,"menu_order":0,"comment_status":"closed","ping_status":"closed","template":"","meta":{"footnotes":""},"yoast_head":"<!-- This site is optimized with the Yoast SEO plugin v14.9 - https:\/\/yoast.com\/wordpress\/plugins\/seo\/ -->\n<title>PALVELUT - Suomen Korjaamolaite<\/title>\n<meta name=\"description\" content=\"Suomen Korjaamolaite tarjoaa laadukasta ja ammattitaitoista korjaamolaitehuoltoa, asennusta ja korjausta.\" \/>\n<meta name=\"robots\" content=\"index, follow, max-snippet:-1, max-image-preview:large, max-video-preview:-1\" \/>\n<link rel=\"canonical\" href=\"http:\/\/suomenkorjaamolaite.fi\/index.php\/palvelut\/\" \/>\n<meta property=\"og:locale\" content=\"fi_FI\" \/>\n<meta property=\"og:type\" content=\"article\" \/>\n<meta property=\"og:title\" content=\"PALVELUT - Suomen Korjaamolaite\" \/>\n<meta property=\"og:description\" content=\"Suomen Korjaamolaite tarjoaa laadukasta ja ammattitaitoista korjaamolaitehuoltoa, asennusta ja korjausta.\" \/>\n<meta property=\"og:url\" content=\"http:\/\/suomenkorjaamolaite.fi\/index.php\/palvelut\/\" \/>\n<meta property=\"og:site_name\" content=\"Suomen Korjaamolaite\" \/>\n<meta property=\"article:modified_time\" content=\"2021-09-08T08:30:51+00:00\" \/>\n<meta name=\"twitter:card\" content=\"summary_large_image\" \/>\n<script type=\"application\/ld+json\" class=\"yoast-schema-graph\">{\"@context\":\"https:\/\/schema.org\",\"@graph\":[{\"@type\":\"Organization\",\"@id\":\"https:\/\/suomenkorjaamolaite.fi\/#organization\",\"name\":\"Suomen Korjaamolaite\",\"url\":\"https:\/\/suomenkorjaamolaite.fi\/\",\"sameAs\":[],\"logo\":{\"@type\":\"ImageObject\",\"@id\":\"https:\/\/suomenkorjaamolaite.fi\/#logo\",\"inLanguage\":\"fi\",\"url\":\"https:\/\/suomenkorjaamolaite.fi\/wp-content\/uploads\/2018\/06\/SuomenKorjaamolaitewww__0020_Suomen-korjaamolaite-RGB.png\",\"width\":475,\"height\":123,\"caption\":\"Suomen Korjaamolaite\"},\"image\":{\"@id\":\"https:\/\/suomenkorjaamolaite.fi\/#logo\"}},{\"@type\":\"WebSite\",\"@id\":\"https:\/\/suomenkorjaamolaite.fi\/#website\",\"url\":\"https:\/\/suomenkorjaamolaite.fi\/\",\"name\":\"Suomen Korjaamolaite\",\"description\":\"\",\"publisher\":{\"@id\":\"https:\/\/suomenkorjaamolaite.fi\/#organization\"},\"potentialAction\":[{\"@type\":\"SearchAction\",\"target\":\"https:\/\/suomenkorjaamolaite.fi\/?s={search_term_string}\",\"query-input\":\"required name=search_term_string\"}],\"inLanguage\":\"fi\"},{\"@type\":\"WebPage\",\"@id\":\"http:\/\/suomenkorjaamolaite.fi\/index.php\/palvelut\/#webpage\",\"url\":\"http:\/\/suomenkorjaamolaite.fi\/index.php\/palvelut\/\",\"name\":\"PALVELUT - Suomen Korjaamolaite\",\"isPartOf\":{\"@id\":\"https:\/\/suomenkorjaamolaite.fi\/#website\"},\"datePublished\":\"2018-06-12T17:57:26+00:00\",\"dateModified\":\"2021-09-08T08:30:51+00:00\",\"description\":\"Suomen Korjaamolaite tarjoaa laadukasta ja ammattitaitoista korjaamolaitehuoltoa, asennusta ja korjausta.\",\"inLanguage\":\"fi\",\"potentialAction\":[{\"@type\":\"ReadAction\",\"target\":[\"http:\/\/suomenkorjaamolaite.fi\/index.php\/palvelut\/\"]}]}]}<\/script>\n<!-- \/ Yoast SEO plugin. -->","_links":{"self":[{"href":"https:\/\/suomenkorjaamolaite.fi\/index.php\/wp-json\/wp\/v2\/pages\/17"}],"collection":[{"href":"https:\/\/suomenkorjaamolaite.fi\/index.php\/wp-json\/wp\/v2\/pages"}],"about":[{"href":"https:\/\/suomenkorjaamolaite.fi\/index.php\/wp-json\/wp\/v2\/types\/page"}],"author":[{"embeddable":true,"href":"https:\/\/suomenkorjaamolaite.fi\/index.php\/wp-json\/wp\/v2\/users\/1"}],"replies":[{"embeddable":true,"href":"https:\/\/suomenkorjaamolaite.fi\/index.php\/wp-json\/wp\/v2\/comments?post=17"}],"version-history":[{"count":3,"href":"https:\/\/suomenkorjaamolaite.fi\/index.php\/wp-json\/wp\/v2\/pages\/17\/revisions"}],"predecessor-version":[{"id":124,"href":"https:\/\/suomenkorjaamolaite.fi\/index.php\/wp-json\/wp\/v2\/pages\/17\/revisions\/124"}],"wp:attachment":[{"href":"https:\/\/suomenkorjaamolaite.fi\/index.php\/wp-json\/wp\/v2\/media?parent=17"}],"curies":[{"name":"wp","href":"https:\/\/api.w.org\/{rel}","templated":true}]}}