{"id":15,"date":"2018-06-12T17:57:11","date_gmt":"2018-06-12T17:57:11","guid":{"rendered":"http:\/\/legendcr7.com\/newmapanast\/?page_id=15"},"modified":"2023-07-18T10:56:31","modified_gmt":"2023-07-18T10:56:31","slug":"etusivu","status":"publish","type":"page","link":"https:\/\/suomenkorjaamolaite.fi\/","title":{"rendered":"ETUSIVU"},"content":{"rendered":"<p>&lt;p&gt;<div id='layer_slider_1' class='avia-layerslider main_color avia-shadow  container_wrap sidebar_right'    style='height: 481px;' ><\/div><div class=\"flex_column av_one_third  flex_column_div av-zero-column-padding first  \" style='border-radius:0px; '><p>&lt;br \/&gt;<div class='avia-image-container  av-styling- av-hover-grow   avia-align-left '  itemscope=\"itemscope\" itemtype=\"https:\/\/schema.org\/ImageObject\"  ><div class='avia-image-container-inner'><img class='avia_image ' src='https:\/\/suomenkorjaamolaite.fi\/wp-content\/uploads\/2018\/06\/SuomenKorjaamolaitewww-300x209.jpg' alt='' title='SuomenKorjaamolaitewww'   itemprop=\"thumbnailUrl\"  \/><\/div><\/div>&lt;br \/&gt;<\/p><\/div><div class=\"flex_column av_one_third  flex_column_div av-zero-column-padding   \" style='border-radius:0px; '><p>&lt;br \/&gt;<div class='avia-image-container  av-styling- av-hover-grow   avia-align-center '  itemscope=\"itemscope\" itemtype=\"https:\/\/schema.org\/ImageObject\"  ><div class='avia-image-container-inner'><img class='avia_image ' src='https:\/\/suomenkorjaamolaite.fi\/wp-content\/uploads\/2018\/06\/SuomenKorjaamolaitewww-1-300x208.jpg' alt='' title='SuomenKorjaamolaitewww (1)'   itemprop=\"thumbnailUrl\"  \/><\/div><\/div>&lt;br \/&gt;<\/p><\/div><div class=\"flex_column av_one_third  flex_column_div av-zero-column-padding   \" style='border-radius:0px; '><p>&lt;br \/&gt;<div class='avia-image-container  av-styling- av-hover-grow   avia-align-right '  itemscope=\"itemscope\" itemtype=\"https:\/\/schema.org\/ImageObject\"  ><div class='avia-image-container-inner'><img class='avia_image ' src='https:\/\/suomenkorjaamolaite.fi\/wp-content\/uploads\/2018\/06\/SuomenKorjaamolaitewww-2-300x207.jpg' alt='' title='SuomenKorjaamolaitewww (2)'   itemprop=\"thumbnailUrl\"  \/><\/div><\/div>&lt;br \/&gt;<\/p><\/div><div class=\"flex_column av_one_third  flex_column_div av-zero-column-padding first  \" style='border-radius:0px; '><p>&lt;br \/&gt;<div class='avia-image-container  av-styling- av-hover-grow   avia-align-left '  itemscope=\"itemscope\" itemtype=\"https:\/\/schema.org\/ImageObject\"  ><div class='avia-image-container-inner'><img class='avia_image ' src='https:\/\/suomenkorjaamolaite.fi\/wp-content\/uploads\/2018\/06\/SuomenKorjaamolaitewww-3-300x209.jpg' alt='' title='SuomenKorjaamolaitewww (3)'   itemprop=\"thumbnailUrl\"  \/><\/div><\/div>&lt;br \/&gt;<\/p><\/div><div class=\"flex_column av_one_third  flex_column_div av-zero-column-padding   \" style='border-radius:0px; '><p>&lt;br \/&gt;<div class='avia-image-container  av-styling- av-hover-grow   avia-align-center '  itemscope=\"itemscope\" itemtype=\"https:\/\/schema.org\/ImageObject\"  ><div class='avia-image-container-inner'><img class='avia_image ' src='https:\/\/suomenkorjaamolaite.fi\/wp-content\/uploads\/2018\/06\/SuomenKorjaamolaitewww-4-300x208.jpg' alt='' title='SuomenKorjaamolaitewww (4)'   itemprop=\"thumbnailUrl\"  \/><\/div><\/div>&lt;br \/&gt;<\/p><\/div><div class=\"flex_column av_one_third  flex_column_div av-zero-column-padding   \" style='border-radius:0px; '><p>&lt;br \/&gt;<div class='avia-image-container  av-styling- av-hover-grow   avia-align-right '  itemscope=\"itemscope\" itemtype=\"https:\/\/schema.org\/ImageObject\"  ><div class='avia-image-container-inner'><img class='avia_image ' src='https:\/\/suomenkorjaamolaite.fi\/wp-content\/uploads\/2018\/06\/SuomenKorjaamolaitewww-5-300x208.jpg' alt='' title='SuomenKorjaamolaitewww (5)'   itemprop=\"thumbnailUrl\"  \/><\/div><\/div>&lt;br \/&gt;<\/p><\/div><div style='height:100px' class='hr hr-invisible  '><span class='hr-inner ' ><span class='hr-inner-style'><\/span><\/span><\/div><div class=\"flex_column av_three_fourth  flex_column_div av-zero-column-padding first  \" style='border-radius:0px; '><\/div>&lt;br \/&gt;<section class=\"av_textblock_section \"  itemscope=\"itemscope\" itemtype=\"https:\/\/schema.org\/CreativeWork\" ><div class='avia_textblock  av_inherit_color '  style='font-size:16px; color:#000000; '  itemprop=\"text\" ><\/div><\/section>Suomen Korjaamolaite tarjoaa laadukasta ja ammattitaitoista&lt;br \/&gt;korjaamolaitehuoltoa, asennusta ja korjausta.&lt;br \/&gt;P\u00e4\u00e4toimialueena on Etel\u00e4-Suomi. Asiakkaisiimme&lt;br \/&gt;kuuluvat mm. katsastuskonttorit ja autokorjaamot.&lt;br \/&gt;Palveluihin kuuluvat:&lt;br \/&gt;-autonostimet&lt;br \/&gt;-pakokaasuanalysaattorit&lt;br \/&gt;-ilmastointihuoltolaitteet&lt;br \/&gt;-jarrudynamometrit&lt;br \/&gt;-py\u00f6r\u00e4nsuuntauslaitteet&lt;br \/&gt;-tasapainotuskoneet&lt;br \/&gt;-kompressorit&lt;br \/&gt;-KAIKKI KORJAAMOSSA OLEVAT LAITTEET!&lt;\/p&gt; &lt;p&gt;&lt;\/p&gt; &lt;p&gt;Lis\u00e4tietoja antaa Teemu Aalto 040-7445211&lt;\/p&gt;<\/p>\n","protected":false},"excerpt":{"rendered":"<p>&lt;p&gt;&lt;br \/&gt;Suomen Korjaamolaite tarjoaa laadukasta ja ammattitaitoista&lt;br \/&gt;korjaamolaitehuoltoa, asennusta ja korjausta.&lt;br \/&gt;P\u00e4\u00e4toimialueena on Etel\u00e4-Suomi. Asiakkaisiimme&lt;br \/&gt;kuuluvat mm. katsastuskonttorit ja autokorjaamot.&lt;br \/&gt;Palveluihin kuuluvat:&lt;br \/&gt;-autonostimet&lt;br \/&gt;-pakokaasuanalysaattorit&lt;br \/&gt;-ilmastointihuoltolaitteet&lt;br \/&gt;-jarrudynamometrit&lt;br \/&gt;-py\u00f6r\u00e4nsuuntauslaitteet&lt;br \/&gt;-tasapainotuskoneet&lt;br \/&gt;-kompressorit&lt;br \/&gt;-KAIKKI KORJAAMOSSA OLEVAT LAITTEET!&lt;\/p&gt; &lt;p&gt;&lt;\/p&gt; &lt;p&gt;Lis\u00e4tietoja antaa Teemu Aalto 040-7445211&lt;\/p&gt;<\/p>\n","protected":false},"author":1,"featured_media":0,"parent":0,"menu_order":0,"comment_status":"closed","ping_status":"closed","template":"","meta":{"footnotes":""},"yoast_head":"<!-- This site is optimized with the Yoast SEO plugin v14.9 - https:\/\/yoast.com\/wordpress\/plugins\/seo\/ -->\n<title>ETUSIVU - Suomen Korjaamolaite<\/title>\n<meta name=\"description\" content=\"Suomen Korjaamolaite tarjoaa laadukasta ja ammattitaitoista korjaamolaitehuoltoa, asennusta ja korjausta.\" \/>\n<meta name=\"robots\" content=\"index, follow, max-snippet:-1, max-image-preview:large, max-video-preview:-1\" \/>\n<link rel=\"canonical\" href=\"http:\/\/suomenkorjaamolaite.fi\/\" \/>\n<meta property=\"og:locale\" content=\"fi_FI\" \/>\n<meta property=\"og:type\" content=\"article\" \/>\n<meta property=\"og:title\" content=\"ETUSIVU - Suomen Korjaamolaite\" \/>\n<meta property=\"og:description\" content=\"Suomen Korjaamolaite tarjoaa laadukasta ja ammattitaitoista korjaamolaitehuoltoa, asennusta ja korjausta.\" \/>\n<meta property=\"og:url\" content=\"http:\/\/suomenkorjaamolaite.fi\/\" \/>\n<meta property=\"og:site_name\" content=\"Suomen Korjaamolaite\" \/>\n<meta property=\"article:modified_time\" content=\"2023-07-18T10:56:31+00:00\" \/>\n<meta name=\"twitter:card\" content=\"summary_large_image\" \/>\n<script type=\"application\/ld+json\" class=\"yoast-schema-graph\">{\"@context\":\"https:\/\/schema.org\",\"@graph\":[{\"@type\":\"Organization\",\"@id\":\"https:\/\/suomenkorjaamolaite.fi\/#organization\",\"name\":\"Suomen Korjaamolaite\",\"url\":\"https:\/\/suomenkorjaamolaite.fi\/\",\"sameAs\":[],\"logo\":{\"@type\":\"ImageObject\",\"@id\":\"https:\/\/suomenkorjaamolaite.fi\/#logo\",\"inLanguage\":\"fi\",\"url\":\"https:\/\/suomenkorjaamolaite.fi\/wp-content\/uploads\/2018\/06\/SuomenKorjaamolaitewww__0020_Suomen-korjaamolaite-RGB.png\",\"width\":475,\"height\":123,\"caption\":\"Suomen Korjaamolaite\"},\"image\":{\"@id\":\"https:\/\/suomenkorjaamolaite.fi\/#logo\"}},{\"@type\":\"WebSite\",\"@id\":\"https:\/\/suomenkorjaamolaite.fi\/#website\",\"url\":\"https:\/\/suomenkorjaamolaite.fi\/\",\"name\":\"Suomen Korjaamolaite\",\"description\":\"\",\"publisher\":{\"@id\":\"https:\/\/suomenkorjaamolaite.fi\/#organization\"},\"potentialAction\":[{\"@type\":\"SearchAction\",\"target\":\"https:\/\/suomenkorjaamolaite.fi\/?s={search_term_string}\",\"query-input\":\"required name=search_term_string\"}],\"inLanguage\":\"fi\"},{\"@type\":\"WebPage\",\"@id\":\"http:\/\/suomenkorjaamolaite.fi\/#webpage\",\"url\":\"http:\/\/suomenkorjaamolaite.fi\/\",\"name\":\"ETUSIVU - Suomen Korjaamolaite\",\"isPartOf\":{\"@id\":\"https:\/\/suomenkorjaamolaite.fi\/#website\"},\"datePublished\":\"2018-06-12T17:57:11+00:00\",\"dateModified\":\"2023-07-18T10:56:31+00:00\",\"description\":\"Suomen Korjaamolaite tarjoaa laadukasta ja ammattitaitoista korjaamolaitehuoltoa, asennusta ja korjausta.\",\"inLanguage\":\"fi\",\"potentialAction\":[{\"@type\":\"ReadAction\",\"target\":[\"http:\/\/suomenkorjaamolaite.fi\/\"]}]}]}<\/script>\n<!-- \/ Yoast SEO plugin. -->","_links":{"self":[{"href":"https:\/\/suomenkorjaamolaite.fi\/index.php\/wp-json\/wp\/v2\/pages\/15"}],"collection":[{"href":"https:\/\/suomenkorjaamolaite.fi\/index.php\/wp-json\/wp\/v2\/pages"}],"about":[{"href":"https:\/\/suomenkorjaamolaite.fi\/index.php\/wp-json\/wp\/v2\/types\/page"}],"author":[{"embeddable":true,"href":"https:\/\/suomenkorjaamolaite.fi\/index.php\/wp-json\/wp\/v2\/users\/1"}],"replies":[{"embeddable":true,"href":"https:\/\/suomenkorjaamolaite.fi\/index.php\/wp-json\/wp\/v2\/comments?post=15"}],"version-history":[{"count":63,"href":"https:\/\/suomenkorjaamolaite.fi\/index.php\/wp-json\/wp\/v2\/pages\/15\/revisions"}],"predecessor-version":[{"id":164,"href":"https:\/\/suomenkorjaamolaite.fi\/index.php\/wp-json\/wp\/v2\/pages\/15\/revisions\/164"}],"wp:attachment":[{"href":"https:\/\/suomenkorjaamolaite.fi\/index.php\/wp-json\/wp\/v2\/media?parent=15"}],"curies":[{"name":"wp","href":"https:\/\/api.w.org\/{rel}","templated":true}]}}